{"id":586,"date":"2024-03-04T18:38:42","date_gmt":"2024-03-04T17:38:42","guid":{"rendered":"https:\/\/meine-nummer1.de\/?page_id=586"},"modified":"2025-06-19T00:44:04","modified_gmt":"2025-06-18T22:44:04","slug":"seminar-nachhaltiger-umgang-mit-schwefelhexafluorid","status":"publish","type":"page","link":"https:\/\/meine-nummer1.de\/index.php\/seminar-nachhaltiger-umgang-mit-schwefelhexafluorid\/","title":{"rendered":"Seminar &#8222;Nachhaltiger Umgang mit Schwefelhexafluorid&#8220;"},"content":{"rendered":"\n<div class=\"wp-block-stackable-columns alignfull stk-block-columns stk-block stk-bfdcc56 stk-block-background stk--has-background-overlay\" data-block-id=\"bfdcc56\"><style>.stk-bfdcc56 {background-image:url(https:\/\/meine-nummer1.de\/wp-content\/uploads\/2025\/06\/c9da7a44-3e17-499c-aaf0-5da86746625d.png) !important;padding-top:270px !important;padding-bottom:150px !important;margin-bottom:0px !important;}.stk-bfdcc56:before{background-color:#000000 !important;opacity:0.7 !important;}@media screen and (max-width:999px){.stk-bfdcc56 {padding-top:200px !important;padding-bottom:140px !important;}}@media screen and (max-width:689px){.stk-bfdcc56 {padding-top:170px !important;padding-bottom:100px !important;}}<\/style><div class=\"stk-row stk-inner-blocks has-text-align-center-mobile stk-block-content stk-content-align stk-bfdcc56-column\">\n<div class=\"wp-block-stackable-column stk-block-column stk-column stk-block stk-69e1cc9\" data-v=\"4\" data-block-id=\"69e1cc9\"><style>.stk-69e1cc9-container{margin-top:0px !important;margin-right:0px !important;margin-bottom:0px !important;margin-left:0px !important;}@media screen and (min-width:690px) and (max-width:999px){.stk-69e1cc9 {flex:var(--stk-flex-grow, 1) 1 75% !important;}}<\/style><div class=\"stk-column-wrapper stk-block-column__content stk-container stk-69e1cc9-container stk--no-background stk--no-padding\"><div class=\"stk-block-content stk-inner-blocks stk-69e1cc9-inner-blocks\">\n<div class=\"wp-block-stackable-heading stk-block-heading stk-block-heading--v2 stk-block stk-10c3cf1\" data-block-id=\"10c3cf1\"><style>.stk-10c3cf1 {margin-bottom:20px !important;}.stk-10c3cf1 .stk-block-heading__text{font-size:50px !important;color:var(--theme-palette-color-8, #ffffff) !important;line-height:1.4em !important;}@media screen and (max-width:999px){.stk-10c3cf1 .stk-block-heading__text{font-size:50px !important;}}<\/style><h2 class=\"stk-block-heading__text has-text-color has-palette-color-8-color\"><\/h2><\/div>\n\n\n\n<div class=\"wp-block-stackable-text stk-block-text stk-block stk-fb65d44\" data-block-id=\"fb65d44\"><style>.stk-fb65d44 {margin-bottom:200px !important;opacity:0.8 !important;}.stk-fb65d44 .stk-block-text__text{color:var(--theme-palette-color-8, #ffffff) !important;}<\/style><p class=\"stk-block-text__text has-text-color has-palette-color-8-color\"><\/p><\/div>\n\n\n\n<\/div><\/div><\/div>\n\n\n\n<div class=\"wp-block-stackable-column stk-block-column stk-column stk-block stk-49288dc\" data-v=\"4\" data-block-id=\"49288dc\"><style>.stk-49288dc-container{margin-top:0px !important;margin-right:0px !important;margin-bottom:0px !important;margin-left:0px !important;}<\/style><div class=\"stk-column-wrapper stk-block-column__content stk-container stk-49288dc-container stk--no-background stk--no-padding\"><div class=\"stk-block-content stk-inner-blocks stk-49288dc-inner-blocks\"><\/div><\/div><\/div>\n<\/div><\/div>\n\n\n\n<div class=\"wp-block-stackable-spacer stk-block-spacer stk--no-padding stk-block stk-a1e411b\" data-block-id=\"a1e411b\"><style>.stk-a1e411b {height:100px !important;}@media screen and (max-width:999px){.stk-a1e411b {height:70px !important;}}@media screen and (max-width:689px){.stk-a1e411b {height:50px !important;}}<\/style><\/div>\n\n\n\n<div class=\"wp-block-stackable-columns stk-block-columns stk--hide-desktop stk--hide-tablet stk--hide-mobile stk-block stk-b1b5bcc\" data-block-id=\"b1b5bcc\"><div class=\"stk-row stk-inner-blocks stk-block-content stk-content-align stk-b1b5bcc-column\">\n<div class=\"wp-block-stackable-column stk-block-column stk-column stk-block stk-4351a15\" data-v=\"4\" data-block-id=\"4351a15\"><div class=\"stk-column-wrapper stk-block-column__content stk-container stk-4351a15-container stk--no-background stk--no-padding\"><div class=\"stk-block-content stk-inner-blocks stk-4351a15-inner-blocks\">\n<h2 class=\"wp-block-heading\" style=\"font-size:clamp(23.043px, 1.44rem + ((1vw - 3.2px) * 1.169), 38px);px;line-height:1.4\"><strong>Seminarinhalte 21. und 22. Januar 2025 in Essen<\/strong><\/h2>\n\n\n\n<div class=\"wp-block-columns is-layout-flex wp-container-core-columns-is-layout-995f960e wp-block-columns-is-layout-flex\">\n<div class=\"wp-block-column is-layout-flow wp-block-column-is-layout-flow\">\n<p class=\"has-black-color has-text-color has-link-color wp-elements-91d19b56afe689136908c39080ad9863 wp-block-paragraph\" style=\"font-size:clamp(14px, 0.875rem + ((1vw - 3.2px) * 0.313), 18px);\">Ziel dieser Veranstaltung ist den Teilnehmern Kenntnisse \u00fcber den Umgang von Schwefelhexafluorid (SF6) Gas (Arbeitsschutz), dem Transport (Gefahrgut) und der Entsorgung (Abfall) von SF6-Gas zu vermitteln. &nbsp;Vielen Anwendern von SF6 ist nicht bekannt, dass sie ungewollt oder durch Unwissenheit in eine Rolle gelangen k\u00f6nnen, f\u00fcr deren Folgen sie bei Nichteinhaltung gesetzlicher Vorschriften zum Teil pers\u00f6nlich haftbar sind. Mit diesem Seminar biete ich den Teilnehmern die M\u00f6glichkeit, sich im Hinblick auf Arbeitsschutz, Gefahrgut und Abfall weiterzubilden. Die Teilnehmer kennen am Ende des Seminars ihre Rollen in den jeweiligen Bereichen und k\u00f6nnen die daraus abgeleitete Verantwortung selbst identifizieren.<\/p>\n<\/div>\n<\/div>\n\n\n\n<div class=\"wp-block-columns is-layout-flex wp-container-core-columns-is-layout-995f960e wp-block-columns-is-layout-flex\">\n<div class=\"wp-block-column is-layout-flow wp-block-column-is-layout-flow\">\n<div class=\"wp-block-stackable-spacer stk-block-spacer stk--no-padding stk-block stk-bd1acb8\" data-block-id=\"bd1acb8\"><style>.stk-bd1acb8 {height:20px !important;}<\/style><\/div>\n\n\n\n<p class=\"has-black-color has-text-color has-link-color wp-elements-aad28dcd54fac012c5dffc4b026a6599 wp-block-paragraph\" style=\"font-size:clamp(14px, 0.875rem + ((1vw - 3.2px) * 0.313), 18px);\"><strong><u>Zimmerreservierung<\/u><\/strong><br>21. und 22.01.2025<br>Hotel Essener Hof<br>Am Handelshof 5<br>45127 Essen<br>Tel: +49(201)2425-0<\/p>\n\n\n\n<p class=\"has-black-color has-text-color has-link-color wp-elements-36d88885bd345edfbab8f1a91f75b182 wp-block-paragraph\" style=\"font-size:clamp(14px, 0.875rem + ((1vw - 3.2px) * 0.313), 18px);\"><strong><u>Zimmerreservierung<br><\/u><\/strong>F\u00fcr unsere Teilnehmer*innen haben wir bis zum 20.12.2024 ein Zimmerkontigent im Tagungshotel reserviert. Wir empfehlen ihnen rechtzeitig zu buchen, da die Reservierungen begrenzt zur Verf\u00fcgung stehen.Stichwort: \u201eRalph Klein\u201c<\/p>\n\n\n\n<p class=\"has-black-color has-text-color has-link-color wp-elements-3c155fbdd4f8c44d8d0ecdd634c971ec wp-block-paragraph\" style=\"font-size:clamp(14px, 0.875rem + ((1vw - 3.2px) * 0.313), 18px);\"><strong><u>Teilnahmebeitrag zum Sonderpreis<\/u><\/strong><br>\u20ac1.179,00 pro Teilnehmer*innen (zzgl. MwSt.)<\/p>\n\n\n\n<p class=\"has-black-color has-text-color has-link-color wp-elements-175c1e142e663524fd3c4468a5e7d1b9 wp-block-paragraph\" style=\"font-size:clamp(14px, 0.875rem + ((1vw - 3.2px) * 0.313), 18px);\"><strong><u>Ansprechpartner<br><\/u><\/strong>Ralph Klein<br>Wissens-Jongleur<br>anmeldung@wissens-jongleur.de<\/p>\n\n\n\n<p class=\"has-black-color has-text-color has-link-color wp-elements-bc03da65ecee947b625231e28f4890b7 wp-block-paragraph\" style=\"font-size:clamp(14px, 0.875rem + ((1vw - 3.2px) * 0.313), 18px);\"><a href=\"https:\/\/we.tl\/t-ZMJSY5pkpI\"><strong>DOWNLOAD ANMELDEFORMULAR<\/strong><\/a><\/p>\n<\/div>\n<\/div>\n<\/div><\/div><\/div>\n<\/div><\/div>\n\n\n\n<div class=\"wp-block-stackable-spacer stk-block-spacer stk--no-padding stk-block stk-85165d5\" data-block-id=\"85165d5\"><style>.stk-85165d5 {height:100px !important;}<\/style><\/div>\n\n\n\n<div class=\"wp-block-stackable-columns stk-block-columns stk-block stk-995e484\" data-block-id=\"995e484\"><style>.stk-995e484 {margin-bottom:0px !important;}.stk-995e484-column{--stk-column-gap:30px !important;flex-wrap:wrap !important;--stk-flex-grow:0 !important;}@media screen and (max-width:689px){.stk-995e484 {margin-bottom:100px !important;}}<\/style><div class=\"stk-row stk-inner-blocks stk-block-content stk-content-align stk-995e484-column\">\n<div class=\"wp-block-stackable-column stk-block-column stk-column stk-block stk-6c5f680\" data-v=\"4\" data-block-id=\"6c5f680\"><style>.stk-6c5f680-container{margin-top:0px !important;margin-right:0px !important;margin-bottom:0px !important;margin-left:0px !important;background-position:bottom center !important;background-repeat:no-repeat !important;background-size:15% !important;border-top-left-radius:25px !important;border-top-right-radius:25px !important;border-bottom-right-radius:25px !important;border-bottom-left-radius:25px !important;overflow:hidden !important;box-shadow:0px 20px 80px 0px #c1c7d44d !important;padding-top:0px !important;padding-right:0px !important;padding-bottom:0px !important;padding-left:0px !important;}@media screen and (max-width:999px){.stk-6c5f680-container{background-size:50% !important;padding-top:0px !important;padding-right:0px !important;padding-bottom:0px !important;padding-left:0px !important;}}@media screen and (max-width:689px){.stk-6c5f680-container{padding-top:0px !important;padding-right:0px !important;padding-bottom:0px !important;padding-left:0px !important;}}<\/style><div class=\"stk-column-wrapper stk-block-column__content stk-container stk-6c5f680-container\"><div class=\"stk-block-content stk-inner-blocks stk-6c5f680-inner-blocks\">\n<div class=\"wp-block-stackable-columns stk-block-columns stk-block stk-5af9439\" data-block-id=\"5af9439\"><style>.stk-5af9439-column{--stk-columns-spacing:0px !important;flex-wrap:wrap !important;--stk-flex-grow:0 !important;}<\/style><div class=\"stk-row stk-inner-blocks stk-block-content stk-content-align stk-5af9439-column\">\n<div class=\"wp-block-stackable-column stk-block-column stk-column stk-block stk-4be37fd columnFuerReferenz\" data-v=\"4\" data-block-id=\"4be37fd\"><style>.stk-4be37fd {align-self:center !important;}@media screen and (min-width:690px){.stk-4be37fd {flex:var(--stk-flex-grow, 1) 1 calc(100% - var(--stk-column-gap, 0px) * 0 \/ 1 ) !important;}}@media screen and (max-width:999px){.stk-4be37fd {align-self:center !important;}}<\/style><div class=\"stk-column-wrapper stk-block-column__content stk-container stk-4be37fd-container stk--no-background stk--no-padding\"><div class=\"stk-block-content stk-inner-blocks stk-4be37fd-inner-blocks\">\n<figure class=\"wp-block-gallery has-nested-images columns-default is-cropped has-palette-color-8-background-color has-background wp-block-gallery-1 is-layout-flex wp-block-gallery-is-layout-flex\">\n<figure class=\"wp-block-image size-full columnFuerReferenz\"><img loading=\"lazy\" decoding=\"async\" width=\"1920\" height=\"2560\" data-id=\"1147\" src=\"https:\/\/meine-nummer1.de\/wp-content\/uploads\/2025\/06\/2025-05-19-09.47.57-scaled.jpg\" alt=\"\" class=\"wp-image-1147\" srcset=\"https:\/\/meine-nummer1.de\/wp-content\/uploads\/2025\/06\/2025-05-19-09.47.57-scaled.jpg 1920w, https:\/\/meine-nummer1.de\/wp-content\/uploads\/2025\/06\/2025-05-19-09.47.57-225x300.jpg 225w, https:\/\/meine-nummer1.de\/wp-content\/uploads\/2025\/06\/2025-05-19-09.47.57-768x1024.jpg 768w, https:\/\/meine-nummer1.de\/wp-content\/uploads\/2025\/06\/2025-05-19-09.47.57-1152x1536.jpg 1152w, https:\/\/meine-nummer1.de\/wp-content\/uploads\/2025\/06\/2025-05-19-09.47.57-1536x2048.jpg 1536w, https:\/\/meine-nummer1.de\/wp-content\/uploads\/2025\/06\/2025-05-19-09.47.57-500x667.jpg 500w, https:\/\/meine-nummer1.de\/wp-content\/uploads\/2025\/06\/2025-05-19-09.47.57-800x1067.jpg 800w, https:\/\/meine-nummer1.de\/wp-content\/uploads\/2025\/06\/2025-05-19-09.47.57-1280x1707.jpg 1280w\" sizes=\"auto, (max-width: 1920px) 100vw, 1920px\" \/><\/figure>\n<\/figure>\n<\/div><\/div><\/div>\n\n\n\n<div class=\"wp-block-stackable-column stk-block-column stk-column stk-block stk-61df580\" data-v=\"4\" data-block-id=\"61df580\"><style>.stk-61df580-container{margin-top:0px !important;margin-right:0px !important;margin-bottom:0px !important;margin-left:0px !important;padding-top:50px !important;padding-right:50px !important;padding-bottom:50px !important;padding-left:50px !important;}@media screen and (min-width:690px){.stk-61df580 {flex:var(--stk-flex-grow, 1) 1 calc(100% - var(--stk-column-gap, 0px) * 0 \/ 1 ) !important;}}<\/style><div class=\"stk-column-wrapper stk-block-column__content stk-container stk-61df580-container stk--no-background stk--no-padding\"><div class=\"stk-block-content stk-inner-blocks stk-61df580-inner-blocks\">\n<div class=\"wp-block-stackable-icon-label stk-block-icon-label stk-block stk-384e3e0\" data-block-id=\"384e3e0\"><div class=\"stk-row stk-inner-blocks stk-block-content\">\n<div class=\"wp-block-stackable-heading stk-block-heading stk-block-heading--v2 stk-block stk-9abbe24\" id=\"strong-tag-1-strong\" data-block-id=\"9abbe24\"><h5 class=\"stk-block-heading__text\"><strong>Tag 1<\/strong><\/h5><\/div>\n<\/div><\/div>\n\n\n\n<div class=\"wp-block-stackable-text stk-block-text stk-block stk-ec67ca2\" data-block-id=\"ec67ca2\"><p class=\"stk-block-text__text has-text-align-left\"><strong>11:30<\/strong> \u2013 Begr\u00fc\u00dfungskaffee<br><strong>12:00<\/strong> \u2013 Einf\u00fchrung \/ Einstimmung<br><strong>13:00<\/strong> \u2013 Mittagspause<br><strong>14:00<\/strong> \u2013 Arbeitssicherheit I<br><strong>15:00<\/strong> \u2013 Pause<br><strong>15:15<\/strong> \u2013 Arbeitssicherheit II<br><strong>18:00<\/strong> \u2013 Abendprogramm (freiwillig)<\/p><\/div>\n<\/div><\/div><\/div>\n<\/div><\/div>\n<\/div><\/div><\/div>\n\n\n\n<div class=\"wp-block-stackable-column stk-block-column stk-column stk-block stk-4c0c939\" data-v=\"4\" data-block-id=\"4c0c939\"><style>.stk-4c0c939-container{margin-top:0px !important;margin-right:0px !important;margin-bottom:0px !important;margin-left:0px !important;background-position:bottom center !important;background-repeat:no-repeat !important;background-size:15% !important;border-top-left-radius:25px !important;border-top-right-radius:25px !important;border-bottom-right-radius:25px !important;border-bottom-left-radius:25px !important;overflow:hidden !important;box-shadow:0px 20px 80px 0px #c1c7d44d !important;padding-top:0px !important;padding-right:0px !important;padding-bottom:0px !important;padding-left:0px !important;}@media screen and (max-width:999px){.stk-4c0c939-container{background-size:50% !important;padding-top:0px !important;padding-right:0px !important;padding-bottom:0px !important;padding-left:0px !important;}}@media screen and (max-width:689px){.stk-4c0c939-container{padding-top:0px !important;padding-right:0px !important;padding-bottom:0px !important;padding-left:0px !important;}}<\/style><div class=\"stk-column-wrapper stk-block-column__content stk-container stk-4c0c939-container\"><div class=\"stk-block-content stk-inner-blocks stk-4c0c939-inner-blocks\">\n<div class=\"wp-block-stackable-columns stk-block-columns stk-block stk-d911227\" data-block-id=\"d911227\"><style>.stk-d911227-column{--stk-columns-spacing:0px !important;flex-wrap:wrap !important;--stk-flex-grow:0 !important;}<\/style><div class=\"stk-row stk-inner-blocks stk-block-content stk-content-align stk-d911227-column\">\n<div class=\"wp-block-stackable-column stk-block-column stk-column stk-block stk-dd51e60 columnFuerReferenz\" data-v=\"4\" data-block-id=\"dd51e60\"><style>.stk-dd51e60 {align-self:center !important;}@media screen and (min-width:690px){.stk-dd51e60 {flex:var(--stk-flex-grow, 1) 1 calc(100% - var(--stk-column-gap, 0px) * 0 \/ 1 ) !important;}}@media screen and (max-width:999px){.stk-dd51e60 {align-self:center !important;}}<\/style><div class=\"stk-column-wrapper stk-block-column__content stk-container stk-dd51e60-container stk--no-background stk--no-padding\"><div class=\"stk-block-content stk-inner-blocks stk-dd51e60-inner-blocks\">\n<figure class=\"wp-block-image size-full columnFuerReferenz\"><img loading=\"lazy\" decoding=\"async\" width=\"1536\" height=\"2048\" src=\"https:\/\/meine-nummer1.de\/wp-content\/uploads\/2025\/06\/Design-ohne-Titel-2-1.png\" alt=\"\" class=\"wp-image-1153\" srcset=\"https:\/\/meine-nummer1.de\/wp-content\/uploads\/2025\/06\/Design-ohne-Titel-2-1.png 1536w, https:\/\/meine-nummer1.de\/wp-content\/uploads\/2025\/06\/Design-ohne-Titel-2-1-225x300.png 225w, https:\/\/meine-nummer1.de\/wp-content\/uploads\/2025\/06\/Design-ohne-Titel-2-1-768x1024.png 768w, https:\/\/meine-nummer1.de\/wp-content\/uploads\/2025\/06\/Design-ohne-Titel-2-1-1152x1536.png 1152w, https:\/\/meine-nummer1.de\/wp-content\/uploads\/2025\/06\/Design-ohne-Titel-2-1-500x667.png 500w, https:\/\/meine-nummer1.de\/wp-content\/uploads\/2025\/06\/Design-ohne-Titel-2-1-800x1067.png 800w, https:\/\/meine-nummer1.de\/wp-content\/uploads\/2025\/06\/Design-ohne-Titel-2-1-1280x1707.png 1280w\" sizes=\"auto, (max-width: 1536px) 100vw, 1536px\" \/><\/figure>\n<\/div><\/div><\/div>\n\n\n\n<div class=\"wp-block-stackable-column stk-block-column stk-column stk-block stk-87aa12f\" data-v=\"4\" data-block-id=\"87aa12f\"><style>.stk-87aa12f-container{margin-top:0px !important;margin-right:0px !important;margin-bottom:0px !important;margin-left:0px !important;padding-top:50px !important;padding-right:50px !important;padding-bottom:50px !important;padding-left:50px !important;}@media screen and (min-width:690px){.stk-87aa12f {flex:var(--stk-flex-grow, 1) 1 calc(100% - var(--stk-column-gap, 0px) * 0 \/ 1 ) !important;}}<\/style><div class=\"stk-column-wrapper stk-block-column__content stk-container stk-87aa12f-container stk--no-background stk--no-padding\"><div class=\"stk-block-content stk-inner-blocks stk-87aa12f-inner-blocks\">\n<div class=\"wp-block-stackable-icon-label stk-block-icon-label stk-block stk-083f3a0\" data-block-id=\"083f3a0\"><div class=\"stk-row stk-inner-blocks stk-block-content\">\n<div class=\"wp-block-stackable-heading stk-block-heading stk-block-heading--v2 stk-block stk-850c3b9\" id=\"strong-tag-2-strong\" data-block-id=\"850c3b9\"><h5 class=\"stk-block-heading__text\"><strong>Tag 2<\/strong><\/h5><\/div>\n<\/div><\/div>\n\n\n\n<div class=\"wp-block-stackable-text stk-block-text stk-block stk-e135f22\" data-block-id=\"e135f22\"><p class=\"stk-block-text__text has-text-align-left\"><strong>8:30<\/strong> \u2013 Begr\u00fc\u00dfungskaffee<br><strong>9:00<\/strong> \u2013 Gefahrgut<br><strong>10:00<\/strong> \u2013 Pause<br><strong>10:15<\/strong> \u2013 Abfall<br><strong>12:00<\/strong> \u2013 Mittagspause<br><strong>13:00<\/strong> \u2013 Ende<\/p><\/div>\n<\/div><\/div><\/div>\n<\/div><\/div>\n<\/div><\/div><\/div>\n<\/div><\/div>\n\n\n\n<div class=\"wp-block-stackable-spacer stk-block-spacer stk--no-padding stk-block stk-514995a\" data-block-id=\"514995a\"><style>.stk-514995a {height:100px !important;}<\/style><\/div>\n","protected":false},"excerpt":{"rendered":"<p>Seminarinhalte 21. und 22. Januar 2025 in Essen Ziel dieser Veranstaltung ist den Teilnehmern Kenntnisse \u00fcber den Umgang von Schwefelhexafluorid (SF6) Gas (Arbeitsschutz), dem Transport (Gefahrgut) und der Entsorgung (Abfall) von SF6-Gas zu vermitteln. &nbsp;Vielen Anwendern von SF6 ist nicht bekannt, dass sie ungewollt oder durch Unwissenheit in eine Rolle gelangen k\u00f6nnen, f\u00fcr deren Folgen [&hellip;]<\/p>\n","protected":false},"author":2,"featured_media":0,"parent":0,"menu_order":0,"comment_status":"closed","ping_status":"closed","template":"","meta":{"_crdt_document":"","footnotes":""},"class_list":["post-586","page","type-page","status-publish","hentry"],"blocksy_meta":[],"_links":{"self":[{"href":"https:\/\/meine-nummer1.de\/index.php\/wp-json\/wp\/v2\/pages\/586","targetHints":{"allow":["GET"]}}],"collection":[{"href":"https:\/\/meine-nummer1.de\/index.php\/wp-json\/wp\/v2\/pages"}],"about":[{"href":"https:\/\/meine-nummer1.de\/index.php\/wp-json\/wp\/v2\/types\/page"}],"author":[{"embeddable":true,"href":"https:\/\/meine-nummer1.de\/index.php\/wp-json\/wp\/v2\/users\/2"}],"replies":[{"embeddable":true,"href":"https:\/\/meine-nummer1.de\/index.php\/wp-json\/wp\/v2\/comments?post=586"}],"version-history":[{"count":44,"href":"https:\/\/meine-nummer1.de\/index.php\/wp-json\/wp\/v2\/pages\/586\/revisions"}],"predecessor-version":[{"id":1158,"href":"https:\/\/meine-nummer1.de\/index.php\/wp-json\/wp\/v2\/pages\/586\/revisions\/1158"}],"wp:attachment":[{"href":"https:\/\/meine-nummer1.de\/index.php\/wp-json\/wp\/v2\/media?parent=586"}],"curies":[{"name":"wp","href":"https:\/\/api.w.org\/{rel}","templated":true}]}}